{"id":685,"date":"2025-06-27T14:02:18","date_gmt":"2025-06-27T12:02:18","guid":{"rendered":"https:\/\/acqua-alta.be\/?page_id=685"},"modified":"2025-07-02T13:55:32","modified_gmt":"2025-07-02T11:55:32","slug":"mentions-legales-2","status":"publish","type":"page","link":"https:\/\/acqua-alta.be\/?page_id=685","title":{"rendered":"Mentions l\u00e9gales"},"content":{"rendered":"\t\t<div data-elementor-type=\"wp-page\" data-elementor-id=\"685\" class=\"elementor elementor-685\" data-elementor-post-type=\"page\">\n\t\t\t\t\t\t<section class=\"elementor-section elementor-top-section elementor-element elementor-element-29c6aa94 elementor-section-boxed elementor-section-height-default elementor-section-height-default\" data-id=\"29c6aa94\" data-element_type=\"section\" data-settings=\"{&quot;background_background&quot;:&quot;classic&quot;}\">\n\t\t\t\t\t\t\t<div class=\"elementor-background-overlay\"><\/div>\n\t\t\t\t\t\t\t<div class=\"elementor-container elementor-column-gap-no\">\n\t\t\t\t\t<div class=\"elementor-column elementor-col-100 elementor-top-column elementor-element elementor-element-602a581d\" data-id=\"602a581d\" data-element_type=\"column\">\n\t\t\t<div class=\"elementor-widget-wrap elementor-element-populated\">\n\t\t\t\t\t\t<section class=\"elementor-section elementor-inner-section elementor-element elementor-element-b2d036d elementor-section-full_width elementor-section-height-default elementor-section-height-default\" data-id=\"b2d036d\" data-element_type=\"section\">\n\t\t\t\t\t\t<div class=\"elementor-container elementor-column-gap-wider\">\n\t\t\t\t\t<div class=\"elementor-column elementor-col-100 elementor-inner-column elementor-element elementor-element-150770ff\" data-id=\"150770ff\" data-element_type=\"column\">\n\t\t\t<div class=\"elementor-widget-wrap elementor-element-populated\">\n\t\t\t\t\t\t<div class=\"elementor-element elementor-element-1b1bc047 animated-slow elementor-invisible elementor-widget elementor-widget-heading\" data-id=\"1b1bc047\" data-element_type=\"widget\" data-settings=\"{&quot;_animation&quot;:&quot;fadeInLeft&quot;}\" data-widget_type=\"heading.default\">\n\t\t\t\t<div class=\"elementor-widget-container\">\n\t\t\t\t\t<h1 class=\"elementor-heading-title elementor-size-large\">Mentions L\u00e9gales<\/h1>\t\t\t\t<\/div>\n\t\t\t\t<\/div>\n\t\t\t\t<div class=\"elementor-element elementor-element-6d671272 animated-slow elementor-invisible elementor-widget elementor-widget-text-editor\" data-id=\"6d671272\" data-element_type=\"widget\" data-settings=\"{&quot;_animation&quot;:&quot;fadeInUp&quot;}\" data-widget_type=\"text-editor.default\">\n\t\t\t\t<div class=\"elementor-widget-container\">\n\t\t\t\t\t\t\t\t\t<main id=\"main\" class=\"site-main\"><div class=\"elementor elementor-249 elementor-location-single post-352 page type-page status-publish ast-article-single\" data-elementor-type=\"single-page\" data-elementor-id=\"249\" data-elementor-post-type=\"elementor_library\"><div class=\"elementor-element elementor-element-5dcf735 e-flex e-con-boxed e-con e-parent e-lazyloaded\" data-id=\"5dcf735\" data-element_type=\"container\"><div class=\"e-con-inner\"><div class=\"elementor-element elementor-element-c0f5739 elementor-widget elementor-widget-theme-post-content\" data-id=\"c0f5739\" data-element_type=\"widget\" data-widget_type=\"theme-post-content.default\"><div class=\"elementor-widget-container\"><div class=\"elementor elementor-352\" data-elementor-type=\"wp-page\" data-elementor-id=\"352\" data-elementor-post-type=\"revision\"><div class=\"elementor-element elementor-element-81fe8b3 e-flex e-con-boxed e-con e-parent e-lazyloaded\" data-id=\"81fe8b3\" data-element_type=\"container\"><div class=\"e-con-inner\"><div class=\"elementor-element elementor-element-5222e17 elementor-widget elementor-widget-text-editor\" data-id=\"5222e17\" data-element_type=\"widget\" data-widget_type=\"text-editor.default\"><div class=\"elementor-widget-container\"><p><strong>Les informations personnelles que nous collectons<\/strong><\/p><p>Pour traiter votre commande, vous devez nous fournir certaines informations, et notamment vos nom, email, adresse postale, num\u00e9ro de t\u00e9l\u00e9phone, coordonn\u00e9es de paiement, ainsi que le descriptif du produit que vous commandez. Vous pouvez \u00e9galement d\u00e9cider de nous communiquer certaines informations personnelles compl\u00e9mentaires (lors des commandes sur mesure par exemple), en nous contactant directement.<\/p><p><strong>A. Sur quelle base nous recueillons, utilisons et partageons vos informations personnelles<\/strong><\/p><ul><li>pour vous fournir nos services, par exemple lorsque nous utilisons vos informations pour traiter votre commande, r\u00e9soudre un litige ou assurer le service client\u00a0;<\/li><li>lorsque vous nous avez donn\u00e9 votre consentement explicite, que vous pouvez r\u00e9voquer \u00e0 tout moment, par exemple en vous inscrivant \u00e0 notre newsletter\u00a0;<\/li><li>si n\u00e9cessaire, pour r\u00e9pondre \u00e0 une obligation l\u00e9gale, un arr\u00eat juridique ou en lien avec une demande de la justice comme par exemple le fait de conserver des informations concernant vos achats dans le cadre de la l\u00e9gislation fiscale\u00a0; et<\/li><li>si n\u00e9cessaire, pour servir nos int\u00e9r\u00eats l\u00e9gitimes, dans le cas o\u00f9 ces int\u00e9r\u00eats l\u00e9gitimes ne sont pas invalid\u00e9s par vos droits ou vos int\u00e9r\u00eats, tels que fournir et am\u00e9liorer nos services. Nous utilisons vos informations pour fournir les services que vous avez demand\u00e9s et dans notre int\u00e9r\u00eat l\u00e9gitime \u00e0 am\u00e9liorer ces services<\/li><\/ul><p><strong>B. Partage des informations personnelles<\/strong><\/p><p>Les informations concernant nos clients sont importantes pour notre activit\u00e9. Nous ne partageons vos informations personnelles que pour un nombre tr\u00e8s limit\u00e9 de raisons, ainsi que dans un nombre limit\u00e9 de circonstances telles que\u00a0:<\/p><ul><li>Des fournisseurs de services. Nous avons recours \u00e0 certaines tierces parties en lesquelles nous avons toute confiance pour ex\u00e9cuter certaines actions ou fournir certains services destin\u00e9s \u00e0 notre entreprise\u00a0\u2013 des entreprises de transport par exemple. Nous pouvons avoir \u00e0 partager vos informations personnelles avec ces tierces parties, mais uniquement celles qui sont indispensables \u00e0 la r\u00e9alisation de ces services.<\/li><li>Les transferts d\u2019activit\u00e9. Si nous vendons notre entreprise ou la fusionne avec une autre, nous pouvons avoir \u00e0 communiquer vos informations dans le cadre de cette transaction mais uniquement dans la mesure autoris\u00e9e par la loi.<\/li><li>Le respect de la l\u00e9gislation. Nous pouvons avoir \u00e0 recueillir, utiliser, conserver et partager vos informations nous pensons en toute bonne foi que cela est n\u00e9cessaire et raisonnable pour\u00a0: (a) r\u00e9pondre \u00e0 un processus juridique ou une demande de l\u2019\u00e9tat\u00a0; (b) faire appliquer nos accords, nos conditions ou nos r\u00e8glements\u00a0; (c) emp\u00eacher, enqu\u00eater sur ou g\u00e9rer toute fraude ou autre activit\u00e9 ill\u00e9gale, ou tout probl\u00e8me technique ou de s\u00e9curit\u00e9\u00a0; ou (d) prot\u00e9ger les droits, la propri\u00e9t\u00e9 et la s\u00e9curit\u00e9 de nos clients ou d\u2019autres personnes.<\/li><\/ul><p><strong>C. Dur\u00e9e de conservation des donn\u00e9es personnelles<\/strong><\/p><p>Nous conservons vos informations uniquement aussi longtemps que n\u00e9cessaire pour vous fournir nos services et aux fins \u00e9tablies dans nos r\u00e8gles de confidentialit\u00e9. Nous pouvons \u00e9galement avoir \u00e0 conserver ces informations pour nous conformer \u00e0 des obligations l\u00e9gislatives et juridiques, r\u00e9soudre des litiges et faire appliquer nos engagements. Nous les conservons g\u00e9n\u00e9ralement pour une dur\u00e9e de\u00a0: 4 ans.<\/p><p><strong>D. Transfert d\u2019informations personnelles en dehors de l\u2019Europe<\/strong><\/p><p>Nous pouvons potentiellement stocker et traiter vos informations via des h\u00e9bergeurs tiers situ\u00e9s aux Etats-Unis ou dans d\u2019autres pays. Il peut donc nous arriver de transf\u00e9rer vos informations personnelles dans une juridiction o\u00f9 la l\u00e9gislation concernant la protection des donn\u00e9es et la surveillance gouvernementale est diff\u00e9rente de celle de votre pays. Si nous avons \u00e0 transf\u00e9rer vos informations personnelles en dehors de l\u2019Union europ\u00e9enne, nous nous appuuons sur le Bouclier de protection des donn\u00e9es (\u00ab\u00a0Privacy Shield\u00a0\u00bb) comme base l\u00e9gale pour cela.<\/p><p><strong>E. Vos droits<\/strong><\/p><ul><li>Acc\u00e9der. Vous pouvez avoir le droit d\u2019acc\u00e9der aux informations personnelles que nous d\u00e9tenons vous concernant et d\u2019en recevoir une copie en nous contactant.<\/li><li>Modifier, restreindre, supprimer. Vous pouvez \u00e9galement avoir le droit de modifier vos informations personnelles, de restreindre notre utilisation de celles-ci ou de les supprimer. En dehors de circonstances exceptionnelles, nous supprimerons vos informations personnelles sur simple demande.<\/li><li>S\u2019opposer. Vous pouvez vous opposer 1) \u00e0 ce que nous traitions certaines de vos informations dans le cadre de nos int\u00e9r\u00eats l\u00e9gitimes et 2) \u00e0 la r\u00e9ception de messages marketing de notre part apr\u00e8s avoir explicitement consenti \u00e0 les recevoir. Dans ces cas pr\u00e9cis, nous supprimerons vos informations personnelles \u00e0 moins de disposer de motifs l\u00e9gitimes pour poursuivre l\u2019utilisation de celles-ci, ou dans les cas o\u00f9 elles sont n\u00e9cessaires pour des raisons l\u00e9gales.<\/li><li>Se plaindre. Si vous r\u00e9sidez dans l\u2019Union europ\u00e9enne et que vous souhaitez manifester une inqui\u00e9tude quant \u00e0 notre utilisation de vos informations (et sans porter atteinte aux autres droits dont vous pouvez b\u00e9n\u00e9ficier), vous pouvez le faire aupr\u00e8s de vos autorit\u00e9s locales de protection des donn\u00e9es.<\/li><\/ul><p>Comment nous contacter\u00a0:<\/p><p>Dans le cadre de la loi europ\u00e9enne sur la protection des donn\u00e9es, Christophe Jaccard, est le contr\u00f4leur de donn\u00e9es en ce qui concerne vos informations personnelles. Pour toute question ou pr\u00e9occupation, vous pouvez nous contacter via\u00a0<a href=\"mailto:christophe.jaccard@acqua-alta.be\">EMAIL<\/a>. Vous pouvez \u00e9galement nous envoyer un courrier postal \u00e0 l\u2019adresse\u00a0:<\/p><p>Christophe Jaccard, avenue Paul Dejaer, 35, 1060 Saint-Gilles, Belgium.<\/p><\/div><\/div><\/div><\/div><\/div><\/div><\/div><\/div><\/div><\/div><\/main>\t\t\t\t\t\t\t\t<\/div>\n\t\t\t\t<\/div>\n\t\t\t\t<div class=\"elementor-element elementor-element-41b2d3e elementor-widget-divider--view-line elementor-widget elementor-widget-divider\" data-id=\"41b2d3e\" data-element_type=\"widget\" data-widget_type=\"divider.default\">\n\t\t\t\t<div class=\"elementor-widget-container\">\n\t\t\t\t\t\t\t<div class=\"elementor-divider\">\n\t\t\t<span class=\"elementor-divider-separator\">\n\t\t\t\t\t\t<\/span>\n\t\t<\/div>\n\t\t\t\t\t\t<\/div>\n\t\t\t\t<\/div>\n\t\t\t\t\t<\/div>\n\t\t<\/div>\n\t\t\t\t\t<\/div>\n\t\t<\/section>\n\t\t\t\t\t<\/div>\n\t\t<\/div>\n\t\t\t\t\t<\/div>\n\t\t<\/section>\n\t\t\t\t<section class=\"elementor-section elementor-top-section elementor-element elementor-element-3b146532 elementor-section-boxed elementor-section-height-default elementor-section-height-default\" data-id=\"3b146532\" data-element_type=\"section\" data-settings=\"{&quot;background_background&quot;:&quot;classic&quot;}\">\n\t\t\t\t\t\t\t<div class=\"elementor-background-overlay\"><\/div>\n\t\t\t\t\t\t\t<div class=\"elementor-container elementor-column-gap-default\">\n\t\t\t\t\t<div class=\"elementor-column elementor-col-100 elementor-top-column elementor-element elementor-element-7546fbb6\" data-id=\"7546fbb6\" data-element_type=\"column\">\n\t\t\t<div class=\"elementor-widget-wrap\">\n\t\t\t\t\t\t\t<\/div>\n\t\t<\/div>\n\t\t\t\t\t<\/div>\n\t\t<\/section>\n\t\t\t\t<section class=\"elementor-section elementor-top-section elementor-element elementor-element-13c9328e elementor-section-full_width elementor-section-content-middle elementor-section-stretched elementor-section-height-default elementor-section-height-default\" data-id=\"13c9328e\" data-element_type=\"section\" data-settings=\"{&quot;background_background&quot;:&quot;classic&quot;,&quot;stretch_section&quot;:&quot;section-stretched&quot;}\">\n\t\t\t\t\t\t<div class=\"elementor-container elementor-column-gap-default\">\n\t\t\t\t\t<div class=\"elementor-column elementor-col-100 elementor-top-column elementor-element elementor-element-4a74b3f6\" data-id=\"4a74b3f6\" data-element_type=\"column\">\n\t\t\t<div class=\"elementor-widget-wrap elementor-element-populated\">\n\t\t\t\t\t\t<div class=\"elementor-element elementor-element-23417e1d elementor-shape-rounded elementor-grid-0 e-grid-align-center elementor-invisible elementor-widget elementor-widget-social-icons\" data-id=\"23417e1d\" data-element_type=\"widget\" data-settings=\"{&quot;_animation&quot;:&quot;fadeInDown&quot;}\" data-widget_type=\"social-icons.default\">\n\t\t\t\t<div class=\"elementor-widget-container\">\n\t\t\t\t\t\t\t<div class=\"elementor-social-icons-wrapper elementor-grid\" role=\"list\">\n\t\t\t\t\t\t\t<span class=\"elementor-grid-item\" role=\"listitem\">\n\t\t\t\t\t<a class=\"elementor-icon elementor-social-icon elementor-social-icon-instagram elementor-repeater-item-89f8a12\" href=\"https:\/\/www.instagram.com\/compagnie_acqua_alta_asbl\/?next=%2Fmaison_bejart_huis%2F&#038;hl=fr\" target=\"_blank\">\n\t\t\t\t\t\t<span class=\"elementor-screen-only\">Instagram<\/span>\n\t\t\t\t\t\t<svg class=\"e-font-icon-svg e-fab-instagram\" viewBox=\"0 0 448 512\" xmlns=\"http:\/\/www.w3.org\/2000\/svg\"><path d=\"M224.1 141c-63.6 0-114.9 51.3-114.9 114.9s51.3 114.9 114.9 114.9S339 319.5 339 255.9 287.7 141 224.1 141zm0 189.6c-41.1 0-74.7-33.5-74.7-74.7s33.5-74.7 74.7-74.7 74.7 33.5 74.7 74.7-33.6 74.7-74.7 74.7zm146.4-194.3c0 14.9-12 26.8-26.8 26.8-14.9 0-26.8-12-26.8-26.8s12-26.8 26.8-26.8 26.8 12 26.8 26.8zm76.1 27.2c-1.7-35.9-9.9-67.7-36.2-93.9-26.2-26.2-58-34.4-93.9-36.2-37-2.1-147.9-2.1-184.9 0-35.8 1.7-67.6 9.9-93.9 36.1s-34.4 58-36.2 93.9c-2.1 37-2.1 147.9 0 184.9 1.7 35.9 9.9 67.7 36.2 93.9s58 34.4 93.9 36.2c37 2.1 147.9 2.1 184.9 0 35.9-1.7 67.7-9.9 93.9-36.2 26.2-26.2 34.4-58 36.2-93.9 2.1-37 2.1-147.8 0-184.8zM398.8 388c-7.8 19.6-22.9 34.7-42.6 42.6-29.5 11.7-99.5 9-132.1 9s-102.7 2.6-132.1-9c-19.6-7.8-34.7-22.9-42.6-42.6-11.7-29.5-9-99.5-9-132.1s-2.6-102.7 9-132.1c7.8-19.6 22.9-34.7 42.6-42.6 29.5-11.7 99.5-9 132.1-9s102.7-2.6 132.1 9c19.6 7.8 34.7 22.9 42.6 42.6 11.7 29.5 9 99.5 9 132.1s2.7 102.7-9 132.1z\"><\/path><\/svg>\t\t\t\t\t<\/a>\n\t\t\t\t<\/span>\n\t\t\t\t\t\t\t<span class=\"elementor-grid-item\" role=\"listitem\">\n\t\t\t\t\t<a class=\"elementor-icon elementor-social-icon elementor-social-icon-youtube elementor-repeater-item-3d0811d\" href=\"https:\/\/www.youtube.com\/@compagnieacquaalta4991\" target=\"_blank\">\n\t\t\t\t\t\t<span class=\"elementor-screen-only\">Youtube<\/span>\n\t\t\t\t\t\t<svg class=\"e-font-icon-svg e-fab-youtube\" viewBox=\"0 0 576 512\" xmlns=\"http:\/\/www.w3.org\/2000\/svg\"><path d=\"M549.655 124.083c-6.281-23.65-24.787-42.276-48.284-48.597C458.781 64 288 64 288 64S117.22 64 74.629 75.486c-23.497 6.322-42.003 24.947-48.284 48.597-11.412 42.867-11.412 132.305-11.412 132.305s0 89.438 11.412 132.305c6.281 23.65 24.787 41.5 48.284 47.821C117.22 448 288 448 288 448s170.78 0 213.371-11.486c23.497-6.321 42.003-24.171 48.284-47.821 11.412-42.867 11.412-132.305 11.412-132.305s0-89.438-11.412-132.305zm-317.51 213.508V175.185l142.739 81.205-142.739 81.201z\"><\/path><\/svg>\t\t\t\t\t<\/a>\n\t\t\t\t<\/span>\n\t\t\t\t\t\t\t<span class=\"elementor-grid-item\" role=\"listitem\">\n\t\t\t\t\t<a class=\"elementor-icon elementor-social-icon elementor-social-icon-facebook elementor-repeater-item-d09e3ea\" href=\"https:\/\/www.facebook.com\/profile.php?id=100080473389166\" target=\"_blank\">\n\t\t\t\t\t\t<span class=\"elementor-screen-only\">Facebook<\/span>\n\t\t\t\t\t\t<svg class=\"e-font-icon-svg e-fab-facebook\" viewBox=\"0 0 512 512\" xmlns=\"http:\/\/www.w3.org\/2000\/svg\"><path d=\"M504 256C504 119 393 8 256 8S8 119 8 256c0 123.78 90.69 226.38 209.25 245V327.69h-63V256h63v-54.64c0-62.15 37-96.48 93.67-96.48 27.14 0 55.52 4.84 55.52 4.84v61h-31.28c-30.8 0-40.41 19.12-40.41 38.73V256h68.78l-11 71.69h-57.78V501C413.31 482.38 504 379.78 504 256z\"><\/path><\/svg>\t\t\t\t\t<\/a>\n\t\t\t\t<\/span>\n\t\t\t\t\t<\/div>\n\t\t\t\t\t\t<\/div>\n\t\t\t\t<\/div>\n\t\t\t\t<div class=\"elementor-element elementor-element-a81e507 elementor-widget elementor-widget-image\" data-id=\"a81e507\" data-element_type=\"widget\" data-widget_type=\"image.default\">\n\t\t\t\t<div class=\"elementor-widget-container\">\n\t\t\t\t\t\t\t\t\t\t\t\t\t\t\t\t<a href=\"https:\/\/www.teaming.net\/cieacquaalta?fbclid=IwY2xjawLRxHVleHRuA2FlbQIxMQBicmlkETB1N21NVXBYUm9yMDIwd0pOAR6M1MA7ZnS8Osp-qVX4Uy6iqunJ8MN_k9nfAnSwFI7K1ZTH5fC0U6Wc1QCqUA_aem_ICr--SOOVFrMs81ZMsNBXA\">\n\t\t\t\t\t\t\t<img decoding=\"async\" width=\"137\" height=\"150\" src=\"https:\/\/acqua-alta.be\/wp-content\/uploads\/2025\/07\/teaming.png\" class=\"attachment-large size-large wp-image-939\" alt=\"\" \/>\t\t\t\t\t\t\t\t<\/a>\n\t\t\t\t\t\t\t\t\t\t\t\t\t\t\t<\/div>\n\t\t\t\t<\/div>\n\t\t\t\t<div class=\"elementor-element elementor-element-293f983c elementor-widget elementor-widget-heading\" data-id=\"293f983c\" data-element_type=\"widget\" data-widget_type=\"heading.default\">\n\t\t\t\t<div class=\"elementor-widget-container\">\n\t\t\t\t\t<h6 class=\"elementor-heading-title elementor-size-default\">Copyright jean-fran\u00e7ois Hocq \/ 2025<\/h6>\t\t\t\t<\/div>\n\t\t\t\t<\/div>\n\t\t\t\t\t<\/div>\n\t\t<\/div>\n\t\t\t\t\t<\/div>\n\t\t<\/section>\n\t\t\t\t<section class=\"elementor-section elementor-top-section elementor-element elementor-element-5bee112e elementor-section-boxed elementor-section-height-default elementor-section-height-default\" data-id=\"5bee112e\" data-element_type=\"section\">\n\t\t\t\t\t\t<div class=\"elementor-container elementor-column-gap-default\">\n\t\t\t\t\t<div class=\"elementor-column elementor-col-100 elementor-top-column elementor-element elementor-element-6312e34b\" data-id=\"6312e34b\" data-element_type=\"column\">\n\t\t\t<div class=\"elementor-widget-wrap\">\n\t\t\t\t\t\t\t<\/div>\n\t\t<\/div>\n\t\t\t\t\t<\/div>\n\t\t<\/section>\n\t\t\t\t<\/div>\n\t\t","protected":false},"excerpt":{"rendered":"<p>Mentions L\u00e9gales Les informations personnelles que nous collectons Pour traiter votre commande, vous devez nous fournir certaines informations, et notamment [&hellip;]<\/p>\n","protected":false},"author":2,"featured_media":0,"parent":0,"menu_order":0,"comment_status":"closed","ping_status":"closed","template":"elementor_header_footer","meta":{"site-sidebar-layout":"no-sidebar","site-content-layout":"","ast-site-content-layout":"full-width-container","site-content-style":"default","site-sidebar-style":"default","ast-global-header-display":"","ast-banner-title-visibility":"","ast-main-header-display":"","ast-hfb-above-header-display":"","ast-hfb-below-header-display":"","ast-hfb-mobile-header-display":"","site-post-title":"disabled","ast-breadcrumbs-content":"","ast-featured-img":"disabled","footer-sml-layout":"","theme-transparent-header-meta":"","adv-header-id-meta":"","stick-header-meta":"","header-above-stick-meta":"","header-main-stick-meta":"","header-below-stick-meta":"","astra-migrate-meta-layouts":"default","ast-page-background-enabled":"default","ast-page-background-meta":{"desktop":{"background-color":"var(--ast-global-color-5)","background-image":"","background-repeat":"repeat","background-position":"center center","background-size":"auto","background-attachment":"scroll","background-type":"","background-media":"","overlay-type":"","overlay-color":"","overlay-opacity":"","overlay-gradient":""},"tablet":{"background-color":"","background-image":"","background-repeat":"repeat","background-position":"center center","background-size":"auto","background-attachment":"scroll","background-type":"","background-media":"","overlay-type":"","overlay-color":"","overlay-opacity":"","overlay-gradient":""},"mobile":{"background-color":"","background-image":"","background-repeat":"repeat","background-position":"center center","background-size":"auto","background-attachment":"scroll","background-type":"","background-media":"","overlay-type":"","overlay-color":"","overlay-opacity":"","overlay-gradient":""}},"ast-content-background-meta":{"desktop":{"background-color":"var(--ast-global-color-4)","background-image":"","background-repeat":"repeat","background-position":"center center","background-size":"auto","background-attachment":"scroll","background-type":"","background-media":"","overlay-type":"","overlay-color":"","overlay-opacity":"","overlay-gradient":""},"tablet":{"background-color":"var(--ast-global-color-4)","background-image":"","background-repeat":"repeat","background-position":"center center","background-size":"auto","background-attachment":"scroll","background-type":"","background-media":"","overlay-type":"","overlay-color":"","overlay-opacity":"","overlay-gradient":""},"mobile":{"background-color":"var(--ast-global-color-4)","background-image":"","background-repeat":"repeat","background-position":"center center","background-size":"auto","background-attachment":"scroll","background-type":"","background-media":"","overlay-type":"","overlay-color":"","overlay-opacity":"","overlay-gradient":""}},"footnotes":""},"class_list":["post-685","page","type-page","status-publish","hentry"],"_links":{"self":[{"href":"https:\/\/acqua-alta.be\/index.php?rest_route=\/wp\/v2\/pages\/685","targetHints":{"allow":["GET"]}}],"collection":[{"href":"https:\/\/acqua-alta.be\/index.php?rest_route=\/wp\/v2\/pages"}],"about":[{"href":"https:\/\/acqua-alta.be\/index.php?rest_route=\/wp\/v2\/types\/page"}],"author":[{"embeddable":true,"href":"https:\/\/acqua-alta.be\/index.php?rest_route=\/wp\/v2\/users\/2"}],"replies":[{"embeddable":true,"href":"https:\/\/acqua-alta.be\/index.php?rest_route=%2Fwp%2Fv2%2Fcomments&post=685"}],"version-history":[{"count":7,"href":"https:\/\/acqua-alta.be\/index.php?rest_route=\/wp\/v2\/pages\/685\/revisions"}],"predecessor-version":[{"id":964,"href":"https:\/\/acqua-alta.be\/index.php?rest_route=\/wp\/v2\/pages\/685\/revisions\/964"}],"wp:attachment":[{"href":"https:\/\/acqua-alta.be\/index.php?rest_route=%2Fwp%2Fv2%2Fmedia&parent=685"}],"curies":[{"name":"wp","href":"https:\/\/api.w.org\/{rel}","templated":true}]}}