{"id":588,"date":"2025-06-24T17:10:26","date_gmt":"2025-06-24T15:10:26","guid":{"rendered":"https:\/\/acqua-alta.be\/?page_id=588"},"modified":"2025-07-02T13:56:46","modified_gmt":"2025-07-02T11:56:46","slug":"sola-catastrophe","status":"publish","type":"page","link":"https:\/\/acqua-alta.be\/?page_id=588","title":{"rendered":"Solo Catastrophe"},"content":{"rendered":"\t\t<div data-elementor-type=\"wp-page\" data-elementor-id=\"588\" class=\"elementor elementor-588\" data-elementor-post-type=\"page\">\n\t\t\t\t\t\t<section class=\"elementor-section elementor-top-section elementor-element elementor-element-59f18c96 elementor-section-boxed elementor-section-height-default elementor-section-height-default\" data-id=\"59f18c96\" data-element_type=\"section\" data-settings=\"{&quot;background_background&quot;:&quot;classic&quot;}\">\n\t\t\t\t\t\t\t<div class=\"elementor-background-overlay\"><\/div>\n\t\t\t\t\t\t\t<div class=\"elementor-container elementor-column-gap-no\">\n\t\t\t\t\t<div class=\"elementor-column elementor-col-100 elementor-top-column elementor-element elementor-element-10803831\" data-id=\"10803831\" data-element_type=\"column\">\n\t\t\t<div class=\"elementor-widget-wrap elementor-element-populated\">\n\t\t\t\t\t\t<section class=\"elementor-section elementor-inner-section elementor-element elementor-element-12620040 elementor-section-full_width elementor-section-height-default elementor-section-height-default\" data-id=\"12620040\" data-element_type=\"section\">\n\t\t\t\t\t\t<div class=\"elementor-container elementor-column-gap-wider\">\n\t\t\t\t\t<div class=\"elementor-column elementor-col-50 elementor-inner-column elementor-element elementor-element-22e36d38\" data-id=\"22e36d38\" data-element_type=\"column\">\n\t\t\t<div class=\"elementor-widget-wrap elementor-element-populated\">\n\t\t\t\t\t\t<div class=\"elementor-element elementor-element-47dfa2ab animated-slow elementor-invisible elementor-widget elementor-widget-heading\" data-id=\"47dfa2ab\" data-element_type=\"widget\" data-settings=\"{&quot;_animation&quot;:&quot;fadeInLeft&quot;}\" data-widget_type=\"heading.default\">\n\t\t\t\t<div class=\"elementor-widget-container\">\n\t\t\t\t\t<h1 class=\"elementor-heading-title elementor-size-large\">Solo Catastrophe<\/h1>\t\t\t\t<\/div>\n\t\t\t\t<\/div>\n\t\t\t\t<div class=\"elementor-element elementor-element-bd87d35 animated-slow elementor-invisible elementor-widget elementor-widget-text-editor\" data-id=\"bd87d35\" data-element_type=\"widget\" data-settings=\"{&quot;_animation&quot;:&quot;fadeInUp&quot;}\" data-widget_type=\"text-editor.default\">\n\t\t\t\t<div class=\"elementor-widget-container\">\n\t\t\t\t\t\t\t\t\t<p>Solo repr\u00e9sente un homme seul qui contemple l&rsquo;obscurit\u00e9. Il \u00e9voque des allers-retours incessants de son lit \u00e0 la fen\u00eatre. La sc\u00e8ne se passe la nuit dans une chambre, dans un cadre hors du temps. Cet individu d\u00e9crit son environnement : les murs sont vides, les objets disparaissent, aucun \u00e9l\u00e9ment n&rsquo;est en mouvement\u2009; la vie semble s&rsquo;\u00eatre arr\u00eat\u00e9e. Une simple flamme \u00e9claire faiblement le lieu et symbolise la mort prochaine.<\/p><p>Catastrophe montre le rapport entre un metteur en sc\u00e8ne exigeant et son assistante soumise \u00e0 ses directives. Lors d&rsquo;une derni\u00e8re r\u00e9p\u00e9tition th\u00e9\u00e2trale, ils contemplent l&rsquo;un et l&rsquo;autre un com\u00e9dien seul, debout face \u00e0 eux, immobile sur sc\u00e8ne. Ils s&rsquo;appliquent \u00e0 imposer leur marque \u00e0 ce personnage dans l&rsquo;aboutissement d&rsquo;un processus th\u00e9\u00e2tral. Nous choisissons de pr\u00e9senter deux textes rares et in\u00e9dits en Belgique qui, pour nous, s\u2019articulent et se r\u00e9pondent de mani\u00e8re \u00e0 constituer un ensemble signifiant. Les deux pi\u00e8ces sont centr\u00e9es sur un homme debout et immobile, mais l\u00e0 o\u00f9 la densit\u00e9 de <i>Solo<\/i> tient dans sa forme en monologue, <i>Catastrophe<\/i> se concentre sur un personnage muet autour duquel \u00e9voluent deux autres personnages.<\/p>\t\t\t\t\t\t\t\t<\/div>\n\t\t\t\t<\/div>\n\t\t\t\t<div class=\"elementor-element elementor-element-0a9da4a elementor-widget elementor-widget-gallery\" data-id=\"0a9da4a\" data-element_type=\"widget\" data-settings=\"{&quot;lazyload&quot;:&quot;yes&quot;,&quot;gallery_layout&quot;:&quot;grid&quot;,&quot;columns&quot;:4,&quot;columns_tablet&quot;:2,&quot;columns_mobile&quot;:1,&quot;gap&quot;:{&quot;unit&quot;:&quot;px&quot;,&quot;size&quot;:10,&quot;sizes&quot;:[]},&quot;gap_tablet&quot;:{&quot;unit&quot;:&quot;px&quot;,&quot;size&quot;:10,&quot;sizes&quot;:[]},&quot;gap_mobile&quot;:{&quot;unit&quot;:&quot;px&quot;,&quot;size&quot;:10,&quot;sizes&quot;:[]},&quot;link_to&quot;:&quot;file&quot;,&quot;aspect_ratio&quot;:&quot;3:2&quot;,&quot;overlay_background&quot;:&quot;yes&quot;,&quot;content_hover_animation&quot;:&quot;fade-in&quot;}\" data-widget_type=\"gallery.default\">\n\t\t\t\t<div class=\"elementor-widget-container\">\n\t\t\t\t\t\t\t<div class=\"elementor-gallery__container\">\n\t\t\t\t\t\t\t<a class=\"e-gallery-item elementor-gallery-item elementor-animated-content\" href=\"https:\/\/acqua-alta.be\/wp-content\/uploads\/2025\/07\/DSCF2673-min-scaled-1.jpg\" data-elementor-open-lightbox=\"yes\" data-elementor-lightbox-slideshow=\"0a9da4a\" data-elementor-lightbox-title=\"DSCF2673-min-scaled-1\" data-e-action-hash=\"#elementor-action%3Aaction%3Dlightbox%26settings%3DeyJpZCI6ODIwLCJ1cmwiOiJodHRwczpcL1wvYWNxdWEtYWx0YS5iZVwvd3AtY29udGVudFwvdXBsb2Fkc1wvMjAyNVwvMDdcL0RTQ0YyNjczLW1pbi1zY2FsZWQtMS5qcGciLCJzbGlkZXNob3ciOiIwYTlkYTRhIn0%3D\">\n\t\t\t\t\t<div class=\"e-gallery-image elementor-gallery-item__image\" data-thumbnail=\"https:\/\/acqua-alta.be\/wp-content\/uploads\/2025\/07\/DSCF2673-min-scaled-1-300x200.jpg\" data-width=\"300\" data-height=\"200\" aria-label=\"\" role=\"img\" ><\/div>\n\t\t\t\t\t\t\t\t\t\t\t<div class=\"elementor-gallery-item__overlay\"><\/div>\n\t\t\t\t\t\t\t\t\t\t\t\t\t\t<\/a>\n\t\t\t\t\t\t\t<a class=\"e-gallery-item elementor-gallery-item elementor-animated-content\" href=\"https:\/\/acqua-alta.be\/wp-content\/uploads\/2025\/05\/VIG9963-min-scaled-1.jpg\" data-elementor-open-lightbox=\"yes\" data-elementor-lightbox-slideshow=\"0a9da4a\" data-elementor-lightbox-title=\"&quot;Solo&quot; - Centre culturel Tour \u00e0 plomb\" data-e-action-hash=\"#elementor-action%3Aaction%3Dlightbox%26settings%3DeyJpZCI6MTc3LCJ1cmwiOiJodHRwczpcL1wvYWNxdWEtYWx0YS5iZVwvd3AtY29udGVudFwvdXBsb2Fkc1wvMjAyNVwvMDVcL1ZJRzk5NjMtbWluLXNjYWxlZC0xLmpwZyIsInNsaWRlc2hvdyI6IjBhOWRhNGEifQ%3D%3D\">\n\t\t\t\t\t<div class=\"e-gallery-image elementor-gallery-item__image\" data-thumbnail=\"https:\/\/acqua-alta.be\/wp-content\/uploads\/2025\/05\/VIG9963-min-scaled-1-200x300.jpg\" data-width=\"200\" data-height=\"300\" aria-label=\"\" role=\"img\" ><\/div>\n\t\t\t\t\t\t\t\t\t\t\t<div class=\"elementor-gallery-item__overlay\"><\/div>\n\t\t\t\t\t\t\t\t\t\t\t\t\t\t<\/a>\n\t\t\t\t\t\t\t<a class=\"e-gallery-item elementor-gallery-item elementor-animated-content\" href=\"https:\/\/acqua-alta.be\/wp-content\/uploads\/2025\/07\/DSCF2677-scaled-1.jpg\" data-elementor-open-lightbox=\"yes\" data-elementor-lightbox-slideshow=\"0a9da4a\" data-elementor-lightbox-title=\"DSCF2677-scaled-1\" data-e-action-hash=\"#elementor-action%3Aaction%3Dlightbox%26settings%3DeyJpZCI6ODIyLCJ1cmwiOiJodHRwczpcL1wvYWNxdWEtYWx0YS5iZVwvd3AtY29udGVudFwvdXBsb2Fkc1wvMjAyNVwvMDdcL0RTQ0YyNjc3LXNjYWxlZC0xLmpwZyIsInNsaWRlc2hvdyI6IjBhOWRhNGEifQ%3D%3D\">\n\t\t\t\t\t<div class=\"e-gallery-image elementor-gallery-item__image\" data-thumbnail=\"https:\/\/acqua-alta.be\/wp-content\/uploads\/2025\/07\/DSCF2677-scaled-1-300x200.jpg\" data-width=\"300\" data-height=\"200\" aria-label=\"\" role=\"img\" ><\/div>\n\t\t\t\t\t\t\t\t\t\t\t<div class=\"elementor-gallery-item__overlay\"><\/div>\n\t\t\t\t\t\t\t\t\t\t\t\t\t\t<\/a>\n\t\t\t\t\t\t\t<a class=\"e-gallery-item elementor-gallery-item elementor-animated-content\" href=\"https:\/\/acqua-alta.be\/wp-content\/uploads\/2025\/07\/IMG_6207.jpeg\" data-elementor-open-lightbox=\"yes\" data-elementor-lightbox-slideshow=\"0a9da4a\" data-elementor-lightbox-title=\"IMG_6207\" data-e-action-hash=\"#elementor-action%3Aaction%3Dlightbox%26settings%3DeyJpZCI6ODI0LCJ1cmwiOiJodHRwczpcL1wvYWNxdWEtYWx0YS5iZVwvd3AtY29udGVudFwvdXBsb2Fkc1wvMjAyNVwvMDdcL0lNR182MjA3LmpwZWciLCJzbGlkZXNob3ciOiIwYTlkYTRhIn0%3D\">\n\t\t\t\t\t<div class=\"e-gallery-image elementor-gallery-item__image\" data-thumbnail=\"https:\/\/acqua-alta.be\/wp-content\/uploads\/2025\/07\/IMG_6207-225x300.jpeg\" data-width=\"225\" data-height=\"300\" aria-label=\"\" role=\"img\" ><\/div>\n\t\t\t\t\t\t\t\t\t\t\t<div class=\"elementor-gallery-item__overlay\"><\/div>\n\t\t\t\t\t\t\t\t\t\t\t\t\t\t<\/a>\n\t\t\t\t\t<\/div>\n\t\t\t\t\t<\/div>\n\t\t\t\t<\/div>\n\t\t\t\t<div class=\"elementor-element elementor-element-4d157595 elementor-widget-divider--view-line elementor-widget elementor-widget-divider\" data-id=\"4d157595\" data-element_type=\"widget\" data-widget_type=\"divider.default\">\n\t\t\t\t<div class=\"elementor-widget-container\">\n\t\t\t\t\t\t\t<div class=\"elementor-divider\">\n\t\t\t<span class=\"elementor-divider-separator\">\n\t\t\t\t\t\t<\/span>\n\t\t<\/div>\n\t\t\t\t\t\t<\/div>\n\t\t\t\t<\/div>\n\t\t\t\t<div class=\"elementor-element elementor-element-182f713b animated-slow elementor-invisible elementor-widget elementor-widget-text-editor\" data-id=\"182f713b\" data-element_type=\"widget\" data-settings=\"{&quot;_animation&quot;:&quot;fadeInUp&quot;}\" data-widget_type=\"text-editor.default\">\n\t\t\t\t<div class=\"elementor-widget-container\">\n\t\t\t\t\t\t\t\t\t<p>Conception : <strong>Fr\u00e9d\u00e9ric Rolland<\/strong> \/ Interpr\u00e8tes\u00a0: <strong>Christophe Jaccard<\/strong>, <strong>Alix Merle<\/strong> et <strong>Gilles Van Bunnen \/ <\/strong>Cr\u00e9ation lumi\u00e8re et r\u00e9gie\u00a0:<strong> Charles Hoebanx \/ <\/strong>Graphisme\u00a0: <strong>Maxime Van Muylder<\/strong> et <strong>Alexandre Lorgnier<\/strong> \/ Photographie : <strong>Virgilio Martini \/ <\/strong>Avec le soutien de la <strong>Maison Maurice B\u00e9jart<\/strong><\/p>\t\t\t\t\t\t\t\t<\/div>\n\t\t\t\t<\/div>\n\t\t\t\t\t<\/div>\n\t\t<\/div>\n\t\t\t\t<div class=\"elementor-column elementor-col-50 elementor-inner-column elementor-element elementor-element-34d37c20 elementor-invisible\" data-id=\"34d37c20\" data-element_type=\"column\" data-settings=\"{&quot;background_background&quot;:&quot;classic&quot;,&quot;animation&quot;:&quot;fadeInRight&quot;}\">\n\t\t\t<div class=\"elementor-widget-wrap elementor-element-populated\">\n\t\t\t\t\t\t<div class=\"elementor-element elementor-element-28d123a5 animated-slow elementor-invisible elementor-widget elementor-widget-image\" data-id=\"28d123a5\" data-element_type=\"widget\" data-settings=\"{&quot;_animation&quot;:&quot;fadeInRight&quot;}\" data-widget_type=\"image.default\">\n\t\t\t\t<div class=\"elementor-widget-container\">\n\t\t\t\t\t\t\t\t\t\t\t\t<figure class=\"wp-caption\">\n\t\t\t\t\t\t\t\t\t\t<img fetchpriority=\"high\" decoding=\"async\" width=\"734\" height=\"1024\" src=\"https:\/\/acqua-alta.be\/wp-content\/uploads\/2025\/05\/Affiche-Solo-Catastrophe-scaled-1-734x1024.jpg\" class=\"attachment-large size-large wp-image-110\" alt=\"\" srcset=\"https:\/\/acqua-alta.be\/wp-content\/uploads\/2025\/05\/Affiche-Solo-Catastrophe-scaled-1-734x1024.jpg 734w, https:\/\/acqua-alta.be\/wp-content\/uploads\/2025\/05\/Affiche-Solo-Catastrophe-scaled-1-215x300.jpg 215w, https:\/\/acqua-alta.be\/wp-content\/uploads\/2025\/05\/Affiche-Solo-Catastrophe-scaled-1-768x1071.jpg 768w, https:\/\/acqua-alta.be\/wp-content\/uploads\/2025\/05\/Affiche-Solo-Catastrophe-scaled-1-1102x1536.jpg 1102w, https:\/\/acqua-alta.be\/wp-content\/uploads\/2025\/05\/Affiche-Solo-Catastrophe-scaled-1-1469x2048.jpg 1469w, https:\/\/acqua-alta.be\/wp-content\/uploads\/2025\/05\/Affiche-Solo-Catastrophe-scaled-1.jpg 1836w\" sizes=\"(max-width: 734px) 100vw, 734px\" \/>\t\t\t\t\t\t\t\t\t\t\t<figcaption class=\"widget-image-caption wp-caption-text\"><\/figcaption>\n\t\t\t\t\t\t\t\t\t\t<\/figure>\n\t\t\t\t\t\t\t\t\t<\/div>\n\t\t\t\t<\/div>\n\t\t\t\t\t<\/div>\n\t\t<\/div>\n\t\t\t\t\t<\/div>\n\t\t<\/section>\n\t\t\t\t\t<\/div>\n\t\t<\/div>\n\t\t\t\t\t<\/div>\n\t\t<\/section>\n\t\t\t\t<section class=\"elementor-section elementor-top-section elementor-element elementor-element-7215e964 elementor-section-boxed elementor-section-height-default elementor-section-height-default\" data-id=\"7215e964\" data-element_type=\"section\" data-settings=\"{&quot;background_background&quot;:&quot;classic&quot;}\">\n\t\t\t\t\t\t\t<div class=\"elementor-background-overlay\"><\/div>\n\t\t\t\t\t\t\t<div class=\"elementor-container elementor-column-gap-default\">\n\t\t\t\t\t<div class=\"elementor-column elementor-col-100 elementor-top-column elementor-element elementor-element-5b85b91b\" data-id=\"5b85b91b\" data-element_type=\"column\">\n\t\t\t<div class=\"elementor-widget-wrap\">\n\t\t\t\t\t\t\t<\/div>\n\t\t<\/div>\n\t\t\t\t\t<\/div>\n\t\t<\/section>\n\t\t\t\t<section class=\"elementor-section elementor-top-section elementor-element elementor-element-5de301ab elementor-section-full_width elementor-section-content-middle elementor-section-stretched elementor-section-height-default elementor-section-height-default\" data-id=\"5de301ab\" data-element_type=\"section\" data-settings=\"{&quot;background_background&quot;:&quot;classic&quot;,&quot;stretch_section&quot;:&quot;section-stretched&quot;}\">\n\t\t\t\t\t\t<div class=\"elementor-container elementor-column-gap-default\">\n\t\t\t\t\t<div class=\"elementor-column elementor-col-100 elementor-top-column elementor-element elementor-element-34b9ff19\" data-id=\"34b9ff19\" data-element_type=\"column\">\n\t\t\t<div class=\"elementor-widget-wrap elementor-element-populated\">\n\t\t\t\t\t\t<div class=\"elementor-element elementor-element-2f30c0a1 elementor-shape-rounded elementor-grid-0 e-grid-align-center elementor-invisible elementor-widget elementor-widget-social-icons\" data-id=\"2f30c0a1\" data-element_type=\"widget\" data-settings=\"{&quot;_animation&quot;:&quot;fadeInDown&quot;}\" data-widget_type=\"social-icons.default\">\n\t\t\t\t<div class=\"elementor-widget-container\">\n\t\t\t\t\t\t\t<div class=\"elementor-social-icons-wrapper elementor-grid\" role=\"list\">\n\t\t\t\t\t\t\t<span class=\"elementor-grid-item\" role=\"listitem\">\n\t\t\t\t\t<a class=\"elementor-icon elementor-social-icon elementor-social-icon-instagram elementor-repeater-item-89f8a12\" href=\"https:\/\/www.instagram.com\/compagnie_acqua_alta_asbl\/?next=%2Fmaison_bejart_huis%2F&#038;hl=fr\" target=\"_blank\">\n\t\t\t\t\t\t<span class=\"elementor-screen-only\">Instagram<\/span>\n\t\t\t\t\t\t<svg class=\"e-font-icon-svg e-fab-instagram\" viewBox=\"0 0 448 512\" xmlns=\"http:\/\/www.w3.org\/2000\/svg\"><path d=\"M224.1 141c-63.6 0-114.9 51.3-114.9 114.9s51.3 114.9 114.9 114.9S339 319.5 339 255.9 287.7 141 224.1 141zm0 189.6c-41.1 0-74.7-33.5-74.7-74.7s33.5-74.7 74.7-74.7 74.7 33.5 74.7 74.7-33.6 74.7-74.7 74.7zm146.4-194.3c0 14.9-12 26.8-26.8 26.8-14.9 0-26.8-12-26.8-26.8s12-26.8 26.8-26.8 26.8 12 26.8 26.8zm76.1 27.2c-1.7-35.9-9.9-67.7-36.2-93.9-26.2-26.2-58-34.4-93.9-36.2-37-2.1-147.9-2.1-184.9 0-35.8 1.7-67.6 9.9-93.9 36.1s-34.4 58-36.2 93.9c-2.1 37-2.1 147.9 0 184.9 1.7 35.9 9.9 67.7 36.2 93.9s58 34.4 93.9 36.2c37 2.1 147.9 2.1 184.9 0 35.9-1.7 67.7-9.9 93.9-36.2 26.2-26.2 34.4-58 36.2-93.9 2.1-37 2.1-147.8 0-184.8zM398.8 388c-7.8 19.6-22.9 34.7-42.6 42.6-29.5 11.7-99.5 9-132.1 9s-102.7 2.6-132.1-9c-19.6-7.8-34.7-22.9-42.6-42.6-11.7-29.5-9-99.5-9-132.1s-2.6-102.7 9-132.1c7.8-19.6 22.9-34.7 42.6-42.6 29.5-11.7 99.5-9 132.1-9s102.7-2.6 132.1 9c19.6 7.8 34.7 22.9 42.6 42.6 11.7 29.5 9 99.5 9 132.1s2.7 102.7-9 132.1z\"><\/path><\/svg>\t\t\t\t\t<\/a>\n\t\t\t\t<\/span>\n\t\t\t\t\t\t\t<span class=\"elementor-grid-item\" role=\"listitem\">\n\t\t\t\t\t<a class=\"elementor-icon elementor-social-icon elementor-social-icon-youtube elementor-repeater-item-3d0811d\" href=\"https:\/\/www.youtube.com\/@compagnieacquaalta4991\" target=\"_blank\">\n\t\t\t\t\t\t<span class=\"elementor-screen-only\">Youtube<\/span>\n\t\t\t\t\t\t<svg class=\"e-font-icon-svg e-fab-youtube\" viewBox=\"0 0 576 512\" xmlns=\"http:\/\/www.w3.org\/2000\/svg\"><path d=\"M549.655 124.083c-6.281-23.65-24.787-42.276-48.284-48.597C458.781 64 288 64 288 64S117.22 64 74.629 75.486c-23.497 6.322-42.003 24.947-48.284 48.597-11.412 42.867-11.412 132.305-11.412 132.305s0 89.438 11.412 132.305c6.281 23.65 24.787 41.5 48.284 47.821C117.22 448 288 448 288 448s170.78 0 213.371-11.486c23.497-6.321 42.003-24.171 48.284-47.821 11.412-42.867 11.412-132.305 11.412-132.305s0-89.438-11.412-132.305zm-317.51 213.508V175.185l142.739 81.205-142.739 81.201z\"><\/path><\/svg>\t\t\t\t\t<\/a>\n\t\t\t\t<\/span>\n\t\t\t\t\t\t\t<span class=\"elementor-grid-item\" role=\"listitem\">\n\t\t\t\t\t<a class=\"elementor-icon elementor-social-icon elementor-social-icon-facebook elementor-repeater-item-d09e3ea\" href=\"https:\/\/www.facebook.com\/profile.php?id=100080473389166\" target=\"_blank\">\n\t\t\t\t\t\t<span class=\"elementor-screen-only\">Facebook<\/span>\n\t\t\t\t\t\t<svg class=\"e-font-icon-svg e-fab-facebook\" viewBox=\"0 0 512 512\" xmlns=\"http:\/\/www.w3.org\/2000\/svg\"><path d=\"M504 256C504 119 393 8 256 8S8 119 8 256c0 123.78 90.69 226.38 209.25 245V327.69h-63V256h63v-54.64c0-62.15 37-96.48 93.67-96.48 27.14 0 55.52 4.84 55.52 4.84v61h-31.28c-30.8 0-40.41 19.12-40.41 38.73V256h68.78l-11 71.69h-57.78V501C413.31 482.38 504 379.78 504 256z\"><\/path><\/svg>\t\t\t\t\t<\/a>\n\t\t\t\t<\/span>\n\t\t\t\t\t<\/div>\n\t\t\t\t\t\t<\/div>\n\t\t\t\t<\/div>\n\t\t\t\t<div class=\"elementor-element elementor-element-f074b03 elementor-widget elementor-widget-image\" data-id=\"f074b03\" data-element_type=\"widget\" data-widget_type=\"image.default\">\n\t\t\t\t<div class=\"elementor-widget-container\">\n\t\t\t\t\t\t\t\t\t\t\t\t\t\t\t\t<a href=\"https:\/\/www.teaming.net\/cieacquaalta?fbclid=IwY2xjawLRxHVleHRuA2FlbQIxMQBicmlkETB1N21NVXBYUm9yMDIwd0pOAR6M1MA7ZnS8Osp-qVX4Uy6iqunJ8MN_k9nfAnSwFI7K1ZTH5fC0U6Wc1QCqUA_aem_ICr--SOOVFrMs81ZMsNBXA\">\n\t\t\t\t\t\t\t<img decoding=\"async\" width=\"137\" height=\"150\" src=\"https:\/\/acqua-alta.be\/wp-content\/uploads\/2025\/07\/teaming.png\" class=\"attachment-large size-large wp-image-939\" alt=\"\" \/>\t\t\t\t\t\t\t\t<\/a>\n\t\t\t\t\t\t\t\t\t\t\t\t\t\t\t<\/div>\n\t\t\t\t<\/div>\n\t\t\t\t<div class=\"elementor-element elementor-element-2d324e11 elementor-widget elementor-widget-heading\" data-id=\"2d324e11\" data-element_type=\"widget\" data-widget_type=\"heading.default\">\n\t\t\t\t<div class=\"elementor-widget-container\">\n\t\t\t\t\t<h6 class=\"elementor-heading-title elementor-size-default\">Copyright jean-fran\u00e7ois Hocq \/ 2025<\/h6>\t\t\t\t<\/div>\n\t\t\t\t<\/div>\n\t\t\t\t\t<\/div>\n\t\t<\/div>\n\t\t\t\t\t<\/div>\n\t\t<\/section>\n\t\t\t\t<section class=\"elementor-section elementor-top-section elementor-element elementor-element-727b5985 elementor-section-boxed elementor-section-height-default elementor-section-height-default\" data-id=\"727b5985\" data-element_type=\"section\">\n\t\t\t\t\t\t<div class=\"elementor-container elementor-column-gap-default\">\n\t\t\t\t\t<div class=\"elementor-column elementor-col-100 elementor-top-column elementor-element elementor-element-63cbc167\" data-id=\"63cbc167\" data-element_type=\"column\">\n\t\t\t<div class=\"elementor-widget-wrap\">\n\t\t\t\t\t\t\t<\/div>\n\t\t<\/div>\n\t\t\t\t\t<\/div>\n\t\t<\/section>\n\t\t\t\t<\/div>\n\t\t","protected":false},"excerpt":{"rendered":"<p>Solo Catastrophe Solo repr\u00e9sente un homme seul qui contemple l&rsquo;obscurit\u00e9. Il \u00e9voque des allers-retours incessants de son lit \u00e0 la [&hellip;]<\/p>\n","protected":false},"author":2,"featured_media":0,"parent":0,"menu_order":0,"comment_status":"closed","ping_status":"closed","template":"elementor_header_footer","meta":{"site-sidebar-layout":"no-sidebar","site-content-layout":"","ast-site-content-layout":"full-width-container","site-content-style":"default","site-sidebar-style":"default","ast-global-header-display":"","ast-banner-title-visibility":"","ast-main-header-display":"","ast-hfb-above-header-display":"","ast-hfb-below-header-display":"","ast-hfb-mobile-header-display":"","site-post-title":"disabled","ast-breadcrumbs-content":"","ast-featured-img":"disabled","footer-sml-layout":"","theme-transparent-header-meta":"","adv-header-id-meta":"","stick-header-meta":"","header-above-stick-meta":"","header-main-stick-meta":"","header-below-stick-meta":"","astra-migrate-meta-layouts":"default","ast-page-background-enabled":"default","ast-page-background-meta":{"desktop":{"background-color":"var(--ast-global-color-5)","background-image":"","background-repeat":"repeat","background-position":"center center","background-size":"auto","background-attachment":"scroll","background-type":"","background-media":"","overlay-type":"","overlay-color":"","overlay-opacity":"","overlay-gradient":""},"tablet":{"background-color":"","background-image":"","background-repeat":"repeat","background-position":"center center","background-size":"auto","background-attachment":"scroll","background-type":"","background-media":"","overlay-type":"","overlay-color":"","overlay-opacity":"","overlay-gradient":""},"mobile":{"background-color":"","background-image":"","background-repeat":"repeat","background-position":"center center","background-size":"auto","background-attachment":"scroll","background-type":"","background-media":"","overlay-type":"","overlay-color":"","overlay-opacity":"","overlay-gradient":""}},"ast-content-background-meta":{"desktop":{"background-color":"var(--ast-global-color-4)","background-image":"","background-repeat":"repeat","background-position":"center center","background-size":"auto","background-attachment":"scroll","background-type":"","background-media":"","overlay-type":"","overlay-color":"","overlay-opacity":"","overlay-gradient":""},"tablet":{"background-color":"var(--ast-global-color-4)","background-image":"","background-repeat":"repeat","background-position":"center center","background-size":"auto","background-attachment":"scroll","background-type":"","background-media":"","overlay-type":"","overlay-color":"","overlay-opacity":"","overlay-gradient":""},"mobile":{"background-color":"var(--ast-global-color-4)","background-image":"","background-repeat":"repeat","background-position":"center center","background-size":"auto","background-attachment":"scroll","background-type":"","background-media":"","overlay-type":"","overlay-color":"","overlay-opacity":"","overlay-gradient":""}},"footnotes":""},"class_list":["post-588","page","type-page","status-publish","hentry"],"_links":{"self":[{"href":"https:\/\/acqua-alta.be\/index.php?rest_route=\/wp\/v2\/pages\/588","targetHints":{"allow":["GET"]}}],"collection":[{"href":"https:\/\/acqua-alta.be\/index.php?rest_route=\/wp\/v2\/pages"}],"about":[{"href":"https:\/\/acqua-alta.be\/index.php?rest_route=\/wp\/v2\/types\/page"}],"author":[{"embeddable":true,"href":"https:\/\/acqua-alta.be\/index.php?rest_route=\/wp\/v2\/users\/2"}],"replies":[{"embeddable":true,"href":"https:\/\/acqua-alta.be\/index.php?rest_route=%2Fwp%2Fv2%2Fcomments&post=588"}],"version-history":[{"count":23,"href":"https:\/\/acqua-alta.be\/index.php?rest_route=\/wp\/v2\/pages\/588\/revisions"}],"predecessor-version":[{"id":970,"href":"https:\/\/acqua-alta.be\/index.php?rest_route=\/wp\/v2\/pages\/588\/revisions\/970"}],"wp:attachment":[{"href":"https:\/\/acqua-alta.be\/index.php?rest_route=%2Fwp%2Fv2%2Fmedia&parent=588"}],"curies":[{"name":"wp","href":"https:\/\/api.w.org\/{rel}","templated":true}]}}